{"id":1567,"date":"2024-05-15T07:23:18","date_gmt":"2024-05-15T05:23:18","guid":{"rendered":"http:\/\/remycabaret.com\/?page_id=1567"},"modified":"2024-06-26T10:32:58","modified_gmt":"2024-06-26T08:32:58","slug":"el-savoir-faire-de-remy-cabaret","status":"publish","type":"page","link":"https:\/\/remycabaret.com\/?page_id=1567","title":{"rendered":"Nuestra Historia"},"content":{"rendered":"\t\t<div data-elementor-type=\"wp-page\" data-elementor-id=\"1567\" class=\"elementor elementor-1567\" data-elementor-post-type=\"page\">\n\t\t\t\t\t\t<section class=\"elementor-section elementor-top-section elementor-element elementor-element-0d0d40f elementor-section-height-min-height elementor-section-full_width elementor-section-content-top elementor-section-height-default elementor-section-items-middle\" data-id=\"0d0d40f\" data-element_type=\"section\" data-settings=\"{&quot;background_background&quot;:&quot;classic&quot;}\">\n\t\t\t\t\t\t\t<div class=\"elementor-background-overlay\"><\/div>\n\t\t\t\t\t\t\t<div class=\"elementor-container elementor-column-gap-no\">\n\t\t\t\t\t<div class=\"elementor-column elementor-col-100 elementor-top-column elementor-element elementor-element-ed575ed\" data-id=\"ed575ed\" data-element_type=\"column\">\n\t\t\t<div class=\"elementor-widget-wrap elementor-element-populated\">\n\t\t\t\t\t\t<section class=\"elementor-section elementor-inner-section elementor-element elementor-element-b4400f7 elementor-section-boxed elementor-section-height-default elementor-section-height-default elementor-invisible\" data-id=\"b4400f7\" data-element_type=\"section\" data-settings=\"{&quot;animation&quot;:&quot;fadeIn&quot;}\">\n\t\t\t\t\t\t<div class=\"elementor-container elementor-column-gap-default\">\n\t\t\t\t\t<div class=\"elementor-column elementor-col-16 elementor-inner-column elementor-element elementor-element-f74ccd5\" data-id=\"f74ccd5\" data-element_type=\"column\">\n\t\t\t<div class=\"elementor-widget-wrap\">\n\t\t\t\t\t\t\t<\/div>\n\t\t<\/div>\n\t\t\t\t<div class=\"elementor-column elementor-col-66 elementor-inner-column elementor-element elementor-element-1db8da4\" data-id=\"1db8da4\" data-element_type=\"column\">\n\t\t\t<div class=\"elementor-widget-wrap elementor-element-populated\">\n\t\t\t\t\t\t<div class=\"elementor-element elementor-element-4809b16 elementor-widget elementor-widget-heading\" data-id=\"4809b16\" data-element_type=\"widget\" data-widget_type=\"heading.default\">\n\t\t\t\t<div class=\"elementor-widget-container\">\n\t\t\t<style>\/*! elementor - v3.21.0 - 26-05-2024 *\/\n.elementor-heading-title{padding:0;margin:0;line-height:1}.elementor-widget-heading .elementor-heading-title[class*=elementor-size-]>a{color:inherit;font-size:inherit;line-height:inherit}.elementor-widget-heading .elementor-heading-title.elementor-size-small{font-size:15px}.elementor-widget-heading .elementor-heading-title.elementor-size-medium{font-size:19px}.elementor-widget-heading .elementor-heading-title.elementor-size-large{font-size:29px}.elementor-widget-heading .elementor-heading-title.elementor-size-xl{font-size:39px}.elementor-widget-heading .elementor-heading-title.elementor-size-xxl{font-size:59px}<\/style><h1 class=\"elementor-heading-title elementor-size-default\">Nuestra historia<\/h1>\t\t<\/div>\n\t\t\t\t<\/div>\n\t\t\t\t\t<\/div>\n\t\t<\/div>\n\t\t\t\t<div class=\"elementor-column elementor-col-16 elementor-inner-column elementor-element elementor-element-04f5029\" data-id=\"04f5029\" data-element_type=\"column\">\n\t\t\t<div class=\"elementor-widget-wrap\">\n\t\t\t\t\t\t\t<\/div>\n\t\t<\/div>\n\t\t\t\t\t<\/div>\n\t\t<\/section>\n\t\t\t\t\t<\/div>\n\t\t<\/div>\n\t\t\t\t\t<\/div>\n\t\t<\/section>\n\t\t\t\t<section class=\"elementor-section elementor-top-section elementor-element elementor-element-5c62021 elementor-section-boxed elementor-section-height-default elementor-section-height-default\" data-id=\"5c62021\" data-element_type=\"section\">\n\t\t\t\t\t\t<div class=\"elementor-container elementor-column-gap-default\">\n\t\t\t\t\t<div class=\"elementor-column elementor-col-50 elementor-top-column elementor-element elementor-element-2316a2a\" data-id=\"2316a2a\" data-element_type=\"column\">\n\t\t\t<div class=\"elementor-widget-wrap elementor-element-populated\">\n\t\t\t\t\t\t<div class=\"elementor-element elementor-element-032b282 elementor-widget elementor-widget-heading\" data-id=\"032b282\" data-element_type=\"widget\" data-widget_type=\"heading.default\">\n\t\t\t\t<div class=\"elementor-widget-container\">\n\t\t\t<h2 class=\"elementor-heading-title elementor-size-default\">Remy Cabaret y el savoir-faire de generaciones.<\/h2>\t\t<\/div>\n\t\t\t\t<\/div>\n\t\t\t\t<div class=\"elementor-element elementor-element-ff01879 elementor-widget elementor-widget-text-editor\" data-id=\"ff01879\" data-element_type=\"widget\" data-widget_type=\"text-editor.default\">\n\t\t\t\t<div class=\"elementor-widget-container\">\n\t\t\t<style>\/*! elementor - v3.21.0 - 26-05-2024 *\/\n.elementor-widget-text-editor.elementor-drop-cap-view-stacked .elementor-drop-cap{background-color:#69727d;color:#fff}.elementor-widget-text-editor.elementor-drop-cap-view-framed .elementor-drop-cap{color:#69727d;border:3px solid;background-color:transparent}.elementor-widget-text-editor:not(.elementor-drop-cap-view-default) .elementor-drop-cap{margin-top:8px}.elementor-widget-text-editor:not(.elementor-drop-cap-view-default) .elementor-drop-cap-letter{width:1em;height:1em}.elementor-widget-text-editor .elementor-drop-cap{float:left;text-align:center;line-height:1;font-size:50px}.elementor-widget-text-editor .elementor-drop-cap-letter{display:inline-block}<\/style>\t\t\t\t<p>En el coraz\u00f3n de vi\u00f1edos excepcionales, el\u00a0<a href=\"https:\/\/remycabaret.com\/\" target=\"_blank\" rel=\"noopener\">Champagne Remy Cabaret\u00a0<\/a>es un homenaje vivo a la finura y la tradici\u00f3n. Nuestro champ\u00e1n es heredero de un saber hacer ancestral, una riqueza transmitida con pasi\u00f3n y dedicaci\u00f3n de generaci\u00f3n en generaci\u00f3n. Esta transmisi\u00f3n es la piedra angular de nuestra identidad, que celebra el arte de la vinificaci\u00f3n en todo su esplendor.<\/p>\t\t\t\t\t\t<\/div>\n\t\t\t\t<\/div>\n\t\t\t\t<div class=\"elementor-element elementor-element-8392d2b elementor-widget elementor-widget-image\" data-id=\"8392d2b\" data-element_type=\"widget\" data-widget_type=\"image.default\">\n\t\t\t\t<div class=\"elementor-widget-container\">\n\t\t\t<style>\/*! elementor - v3.21.0 - 26-05-2024 *\/\n.elementor-widget-image{text-align:center}.elementor-widget-image a{display:inline-block}.elementor-widget-image a img[src$=\".svg\"]{width:48px}.elementor-widget-image img{vertical-align:middle;display:inline-block}<\/style>\t\t\t\t\t\t\t\t\t\t<img fetchpriority=\"high\" decoding=\"async\" width=\"800\" height=\"960\" src=\"https:\/\/remycabaret.com\/wp-content\/uploads\/2024\/02\/20180905-ChampagneTribaut-525-AxelCoeuret2.jpg\" class=\"attachment-full size-full wp-image-1181\" alt=\"Nuestro compromiso con la excelencia se refuerza mediante una estrecha colaboraci\u00f3n con apasionados viticultores de la regi\u00f3n de Champagne\" srcset=\"https:\/\/remycabaret.com\/wp-content\/uploads\/2024\/02\/20180905-ChampagneTribaut-525-AxelCoeuret2.jpg 800w, https:\/\/remycabaret.com\/wp-content\/uploads\/2024\/02\/20180905-ChampagneTribaut-525-AxelCoeuret2-250x300.jpg 250w, https:\/\/remycabaret.com\/wp-content\/uploads\/2024\/02\/20180905-ChampagneTribaut-525-AxelCoeuret2-768x922.jpg 768w\" sizes=\"(max-width: 800px) 100vw, 800px\" \/>\t\t\t\t\t\t\t\t\t\t\t\t\t<\/div>\n\t\t\t\t<\/div>\n\t\t\t\t\t<\/div>\n\t\t<\/div>\n\t\t\t\t<div class=\"elementor-column elementor-col-50 elementor-top-column elementor-element elementor-element-0eef87a\" data-id=\"0eef87a\" data-element_type=\"column\">\n\t\t\t<div class=\"elementor-widget-wrap elementor-element-populated\">\n\t\t\t\t\t\t<div class=\"elementor-element elementor-element-98d2db1 elementor-widget elementor-widget-image\" data-id=\"98d2db1\" data-element_type=\"widget\" data-widget_type=\"image.default\">\n\t\t\t\t<div class=\"elementor-widget-container\">\n\t\t\t\t\t\t\t\t\t\t\t\t\t<img decoding=\"async\" width=\"1707\" height=\"2560\" src=\"https:\/\/remycabaret.com\/wp-content\/uploads\/2024\/02\/two-glasses-of-champagne-on-black-2023-11-27-05-05-14-utc-scaled.jpg\" class=\"attachment-full size-full wp-image-482\" alt=\"Nuestro champagne y el savoir-faire de generaciones\" srcset=\"https:\/\/remycabaret.com\/wp-content\/uploads\/2024\/02\/two-glasses-of-champagne-on-black-2023-11-27-05-05-14-utc-scaled.jpg 1707w, https:\/\/remycabaret.com\/wp-content\/uploads\/2024\/02\/two-glasses-of-champagne-on-black-2023-11-27-05-05-14-utc-200x300.jpg 200w, https:\/\/remycabaret.com\/wp-content\/uploads\/2024\/02\/two-glasses-of-champagne-on-black-2023-11-27-05-05-14-utc-683x1024.jpg 683w, https:\/\/remycabaret.com\/wp-content\/uploads\/2024\/02\/two-glasses-of-champagne-on-black-2023-11-27-05-05-14-utc-768x1152.jpg 768w, https:\/\/remycabaret.com\/wp-content\/uploads\/2024\/02\/two-glasses-of-champagne-on-black-2023-11-27-05-05-14-utc-1024x1536.jpg 1024w, https:\/\/remycabaret.com\/wp-content\/uploads\/2024\/02\/two-glasses-of-champagne-on-black-2023-11-27-05-05-14-utc-1365x2048.jpg 1365w\" sizes=\"(max-width: 1707px) 100vw, 1707px\" \/>\t\t\t\t\t\t\t\t\t\t\t\t\t<\/div>\n\t\t\t\t<\/div>\n\t\t\t\t<div class=\"elementor-element elementor-element-29badf0 elementor-widget elementor-widget-heading\" data-id=\"29badf0\" data-element_type=\"widget\" data-widget_type=\"heading.default\">\n\t\t\t\t<div class=\"elementor-widget-container\">\n\t\t\t<h3 class=\"elementor-heading-title elementor-size-default\">El compromiso de Champagne Remy Cabaret.<\/h3>\t\t<\/div>\n\t\t\t\t<\/div>\n\t\t\t\t<div class=\"elementor-element elementor-element-df56d9b elementor-widget elementor-widget-text-editor\" data-id=\"df56d9b\" data-element_type=\"widget\" data-widget_type=\"text-editor.default\">\n\t\t\t\t<div class=\"elementor-widget-container\">\n\t\t\t\t\t\t\t<p>Nuestro compromiso con la excelencia se ve reforzado por la estrecha colaboraci\u00f3n con apasionados viticultores de Champagne, todos ellos dedicados a preservar un savoir-faire que equilibra armoniosamente generaciones de metodolog\u00edas tradicionales e innovaci\u00f3n. Este enfoque, como un espect\u00e1culo de cabaret que fusiona tradici\u00f3n y modernidad, hace de\u00a0<a href=\"https:\/\/remycabaret.com\/brut-grande-reserve-2\/\" target=\"_blank\" rel=\"noopener\">nuestro champ\u00e1n<\/a>\u00a0una experiencia atemporal y contempor\u00e1nea.<\/p>\t\t\t\t\t\t<\/div>\n\t\t\t\t<\/div>\n\t\t\t\t<div class=\"elementor-element elementor-element-cc2a60a elementor-widget elementor-widget-spacer\" data-id=\"cc2a60a\" data-element_type=\"widget\" data-widget_type=\"spacer.default\">\n\t\t\t\t<div class=\"elementor-widget-container\">\n\t\t\t<style>\/*! elementor - v3.21.0 - 26-05-2024 *\/\n.elementor-column .elementor-spacer-inner{height:var(--spacer-size)}.e-con{--container-widget-width:100%}.e-con-inner>.elementor-widget-spacer,.e-con>.elementor-widget-spacer{width:var(--container-widget-width,var(--spacer-size));--align-self:var(--container-widget-align-self,initial);--flex-shrink:0}.e-con-inner>.elementor-widget-spacer>.elementor-widget-container,.e-con>.elementor-widget-spacer>.elementor-widget-container{height:100%;width:100%}.e-con-inner>.elementor-widget-spacer>.elementor-widget-container>.elementor-spacer,.e-con>.elementor-widget-spacer>.elementor-widget-container>.elementor-spacer{height:100%}.e-con-inner>.elementor-widget-spacer>.elementor-widget-container>.elementor-spacer>.elementor-spacer-inner,.e-con>.elementor-widget-spacer>.elementor-widget-container>.elementor-spacer>.elementor-spacer-inner{height:var(--container-widget-height,var(--spacer-size))}.e-con-inner>.elementor-widget-spacer.elementor-widget-empty,.e-con>.elementor-widget-spacer.elementor-widget-empty{position:relative;min-height:22px;min-width:22px}.e-con-inner>.elementor-widget-spacer.elementor-widget-empty .elementor-widget-empty-icon,.e-con>.elementor-widget-spacer.elementor-widget-empty .elementor-widget-empty-icon{position:absolute;top:0;bottom:0;left:0;right:0;margin:auto;padding:0;width:22px;height:22px}<\/style>\t\t<div class=\"elementor-spacer\">\n\t\t\t<div class=\"elementor-spacer-inner\"><\/div>\n\t\t<\/div>\n\t\t\t\t<\/div>\n\t\t\t\t<\/div>\n\t\t\t\t\t<\/div>\n\t\t<\/div>\n\t\t\t\t\t<\/div>\n\t\t<\/section>\n\t\t\t\t<section class=\"elementor-section elementor-top-section elementor-element elementor-element-634c8cc elementor-section-height-min-height elementor-section-boxed elementor-section-height-default elementor-section-items-middle\" data-id=\"634c8cc\" data-element_type=\"section\" data-settings=\"{&quot;background_background&quot;:&quot;classic&quot;,&quot;background_motion_fx_motion_fx_scrolling&quot;:&quot;yes&quot;,&quot;background_motion_fx_opacity_effect&quot;:&quot;yes&quot;,&quot;background_motion_fx_opacity_range&quot;:{&quot;unit&quot;:&quot;%&quot;,&quot;size&quot;:&quot;&quot;,&quot;sizes&quot;:{&quot;start&quot;:0,&quot;end&quot;:100}},&quot;background_motion_fx_opacity_level&quot;:{&quot;unit&quot;:&quot;px&quot;,&quot;size&quot;:6,&quot;sizes&quot;:[]},&quot;background_motion_fx_opacity_direction&quot;:&quot;out-in&quot;,&quot;background_motion_fx_devices&quot;:[&quot;desktop&quot;,&quot;tablet&quot;,&quot;mobile&quot;]}\">\n\t\t\t\t\t\t<div class=\"elementor-container elementor-column-gap-default\">\n\t\t\t\t\t<div class=\"elementor-column elementor-col-100 elementor-top-column elementor-element elementor-element-e8df250\" data-id=\"e8df250\" data-element_type=\"column\">\n\t\t\t<div class=\"elementor-widget-wrap elementor-element-populated\">\n\t\t\t\t\t\t<div class=\"elementor-element elementor-element-0055309 elementor-widget elementor-widget-heading\" data-id=\"0055309\" data-element_type=\"widget\" data-widget_type=\"heading.default\">\n\t\t\t\t<div class=\"elementor-widget-container\">\n\t\t\t<h2 class=\"elementor-heading-title elementor-size-default\">\u00abRemy Cabaret es un placer para el momento presente y una promesa para el futuro, cada botella una invitaci\u00f3n a celebrar los preciosos momentos de hoy y de ma\u00f1ana\u00bb.<\/h2>\t\t<\/div>\n\t\t\t\t<\/div>\n\t\t\t\t\t<\/div>\n\t\t<\/div>\n\t\t\t\t\t<\/div>\n\t\t<\/section>\n\t\t\t\t<section class=\"elementor-section elementor-top-section elementor-element elementor-element-99af8a7 elementor-section-boxed elementor-section-height-default elementor-section-height-default\" data-id=\"99af8a7\" data-element_type=\"section\">\n\t\t\t\t\t\t<div class=\"elementor-container elementor-column-gap-default\">\n\t\t\t\t\t<div class=\"elementor-column elementor-col-100 elementor-top-column elementor-element elementor-element-b79752f\" data-id=\"b79752f\" data-element_type=\"column\">\n\t\t\t<div class=\"elementor-widget-wrap\">\n\t\t\t\t\t\t\t<\/div>\n\t\t<\/div>\n\t\t\t\t\t<\/div>\n\t\t<\/section>\n\t\t\t\t<section class=\"elementor-section elementor-top-section elementor-element elementor-element-45f5723 elementor-reverse-mobile elementor-section-boxed elementor-section-height-default elementor-section-height-default\" data-id=\"45f5723\" data-element_type=\"section\">\n\t\t\t\t\t\t<div class=\"elementor-container elementor-column-gap-no\">\n\t\t\t\t\t<div class=\"elementor-column elementor-col-50 elementor-top-column elementor-element elementor-element-a854295\" data-id=\"a854295\" data-element_type=\"column\" data-settings=\"{&quot;background_background&quot;:&quot;classic&quot;}\">\n\t\t\t<div class=\"elementor-widget-wrap elementor-element-populated\">\n\t\t\t\t\t\t<div class=\"elementor-element elementor-element-0099351 elementor-widget elementor-widget-text-editor\" data-id=\"0099351\" data-element_type=\"widget\" data-widget_type=\"text-editor.default\">\n\t\t\t\t<div class=\"elementor-widget-container\">\n\t\t\t\t\t\t\t<p>El envejecimiento de nuestro champagne se concibe como la preparaci\u00f3n de un espect\u00e1culo meticulosamente orquestado. En la calma y la oscuridad de nuestras cuevas de tiza, nuestras botellas reposan durante 36 meses, un paciente proceso que les permite desarrollar una notable complejidad y profundidad.<\/p><p>Este tiempo de reposo garantiza una homogeneidad y una calidad excepcionales, la promesa de un placer refinado y constante en cada degustaci\u00f3n. Remy Cabaret y el savoir-faire de varias generaciones se aprecian en cada botella.<\/p>\t\t\t\t\t\t<\/div>\n\t\t\t\t<\/div>\n\t\t\t\t\t<\/div>\n\t\t<\/div>\n\t\t\t\t<div class=\"elementor-column elementor-col-50 elementor-top-column elementor-element elementor-element-a87cc6d\" data-id=\"a87cc6d\" data-element_type=\"column\" data-settings=\"{&quot;background_background&quot;:&quot;classic&quot;}\">\n\t\t\t<div class=\"elementor-widget-wrap elementor-element-populated\">\n\t\t\t\t\t\t<div class=\"elementor-element elementor-element-2e6daab elementor-widget elementor-widget-spacer\" data-id=\"2e6daab\" data-element_type=\"widget\" data-widget_type=\"spacer.default\">\n\t\t\t\t<div class=\"elementor-widget-container\">\n\t\t\t\t\t<div class=\"elementor-spacer\">\n\t\t\t<div class=\"elementor-spacer-inner\"><\/div>\n\t\t<\/div>\n\t\t\t\t<\/div>\n\t\t\t\t<\/div>\n\t\t\t\t\t<\/div>\n\t\t<\/div>\n\t\t\t\t\t<\/div>\n\t\t<\/section>\n\t\t\t\t<\/div>\n\t\t","protected":false},"excerpt":{"rendered":"<p>Nuestra historia Remy Cabaret y el savoir-faire de generaciones. En el coraz\u00f3n de vi\u00f1edos excepcionales, el\u00a0Champagne Remy Cabaret\u00a0es un homenaje vivo a la finura y la tradici\u00f3n. Nuestro champ\u00e1n es heredero de un saber hacer ancestral, una riqueza transmitida con pasi\u00f3n y dedicaci\u00f3n de generaci\u00f3n en generaci\u00f3n. Esta transmisi\u00f3n es la piedra angular de nuestra [&hellip;]<\/p>\n","protected":false},"author":1,"featured_media":0,"parent":0,"menu_order":0,"comment_status":"closed","ping_status":"closed","template":"","meta":{"postBodyMargin":[],"postBodyPadding":[],"postBodyBackground":{"backgroundType":"classic","gradient":""},"footnotes":""},"class_list":["post-1567","page","type-page","status-publish","hentry"],"yoast_head":"<!-- This site is optimized with the Yoast SEO Premium plugin v22.8 (Yoast SEO v22.8) - https:\/\/yoast.com\/wordpress\/plugins\/seo\/ -->\n<title>Savoir-faire Remy Cabaret<\/title>\n<meta name=\"description\" content=\"Remy Cabaret es el heredero de un savoir-faire de generaciones, una riqueza transmitida con pasi\u00f3n y dedicaci\u00f3n.\" \/>\n<meta name=\"robots\" content=\"index, follow, max-snippet:-1, max-image-preview:large, max-video-preview:-1\" \/>\n<link rel=\"canonical\" href=\"https:\/\/remycabaret.com\/?page_id=1567\" \/>\n<meta property=\"og:locale\" content=\"es_ES\" \/>\n<meta property=\"og:type\" content=\"article\" \/>\n<meta property=\"og:title\" content=\"Remy Cabaret Champagne\" \/>\n<meta property=\"og:description\" content=\"Una promesa de regularidad y excelencia. Cada representaci\u00f3n de cabaret es \u00fanica, al igual que cada botella de Remy Cabaret Brut Grande R\u00e9serve, reflejando la autenticidad y singularidad de nuestro arte.\" \/>\n<meta property=\"og:url\" content=\"https:\/\/remycabaret.com\/?page_id=1567\" \/>\n<meta property=\"og:site_name\" content=\"Remy Cabaret Champagne\" \/>\n<meta property=\"article:modified_time\" content=\"2024-06-26T08:32:58+00:00\" \/>\n<meta property=\"og:image\" content=\"https:\/\/remycabaret.com\/wp-content\/uploads\/2024\/02\/20180905-ChampagneTribaut-525-AxelCoeuret2.jpg\" \/>\n<meta name=\"twitter:card\" content=\"summary_large_image\" \/>\n<meta name=\"twitter:label1\" content=\"Tiempo de lectura\" \/>\n\t<meta name=\"twitter:data1\" content=\"2 minutos\" \/>\n<script type=\"application\/ld+json\" class=\"yoast-schema-graph\">{\"@context\":\"https:\/\/schema.org\",\"@graph\":[{\"@type\":\"WebPage\",\"@id\":\"https:\/\/remycabaret.com\/?page_id=1567\",\"url\":\"https:\/\/remycabaret.com\/?page_id=1567\",\"name\":\"Savoir-faire Remy Cabaret\",\"isPartOf\":{\"@id\":\"https:\/\/remycabaret.com\/#website\"},\"primaryImageOfPage\":{\"@id\":\"https:\/\/remycabaret.com\/?page_id=1567#primaryimage\"},\"image\":{\"@id\":\"https:\/\/remycabaret.com\/?page_id=1567#primaryimage\"},\"thumbnailUrl\":\"https:\/\/remycabaret.com\/wp-content\/uploads\/2024\/02\/20180905-ChampagneTribaut-525-AxelCoeuret2.jpg\",\"datePublished\":\"2024-05-15T05:23:18+00:00\",\"dateModified\":\"2024-06-26T08:32:58+00:00\",\"description\":\"Remy Cabaret es el heredero de un savoir-faire de generaciones, una riqueza transmitida con pasi\u00f3n y dedicaci\u00f3n.\",\"breadcrumb\":{\"@id\":\"https:\/\/remycabaret.com\/?page_id=1567#breadcrumb\"},\"inLanguage\":\"es\",\"potentialAction\":[{\"@type\":\"ReadAction\",\"target\":[\"https:\/\/remycabaret.com\/?page_id=1567\"]}]},{\"@type\":\"ImageObject\",\"inLanguage\":\"es\",\"@id\":\"https:\/\/remycabaret.com\/?page_id=1567#primaryimage\",\"url\":\"https:\/\/remycabaret.com\/wp-content\/uploads\/2024\/02\/20180905-ChampagneTribaut-525-AxelCoeuret2.jpg\",\"contentUrl\":\"https:\/\/remycabaret.com\/wp-content\/uploads\/2024\/02\/20180905-ChampagneTribaut-525-AxelCoeuret2.jpg\",\"width\":800,\"height\":960,\"caption\":\"Nuestro compromiso con la excelencia se refuerza mediante una estrecha colaboraci\u00f3n con apasionados viticultores de la regi\u00f3n de Champagne\"},{\"@type\":\"BreadcrumbList\",\"@id\":\"https:\/\/remycabaret.com\/?page_id=1567#breadcrumb\",\"itemListElement\":[{\"@type\":\"ListItem\",\"position\":1,\"name\":\"Portada\",\"item\":\"https:\/\/remycabaret.com\/\"},{\"@type\":\"ListItem\",\"position\":2,\"name\":\"Nuestra Historia\"}]},{\"@type\":\"WebSite\",\"@id\":\"https:\/\/remycabaret.com\/#website\",\"url\":\"https:\/\/remycabaret.com\/\",\"name\":\"Remy Cabaret Champagne\",\"description\":\"Champagne Remy Cabaret\",\"publisher\":{\"@id\":\"https:\/\/remycabaret.com\/#organization\"},\"potentialAction\":[{\"@type\":\"SearchAction\",\"target\":{\"@type\":\"EntryPoint\",\"urlTemplate\":\"https:\/\/remycabaret.com\/?s={search_term_string}\"},\"query-input\":\"required name=search_term_string\"}],\"inLanguage\":\"es\"},{\"@type\":\"Organization\",\"@id\":\"https:\/\/remycabaret.com\/#organization\",\"name\":\"Remy Cabaret Champagne\",\"url\":\"https:\/\/remycabaret.com\/\",\"logo\":{\"@type\":\"ImageObject\",\"inLanguage\":\"es\",\"@id\":\"https:\/\/remycabaret.com\/#\/schema\/logo\/image\/\",\"url\":\"https:\/\/remycabaret.com\/wp-content\/uploads\/2024\/01\/Logo_Remy_Cabaret_Dorado-3.svg\",\"contentUrl\":\"https:\/\/remycabaret.com\/wp-content\/uploads\/2024\/01\/Logo_Remy_Cabaret_Dorado-3.svg\",\"width\":331,\"height\":289,\"caption\":\"Remy Cabaret Champagne\"},\"image\":{\"@id\":\"https:\/\/remycabaret.com\/#\/schema\/logo\/image\/\"}}]}<\/script>\n<!-- \/ Yoast SEO Premium plugin. -->","yoast_head_json":{"title":"Savoir-faire Remy Cabaret","description":"Remy Cabaret es el heredero de un savoir-faire de generaciones, una riqueza transmitida con pasi\u00f3n y dedicaci\u00f3n.","robots":{"index":"index","follow":"follow","max-snippet":"max-snippet:-1","max-image-preview":"max-image-preview:large","max-video-preview":"max-video-preview:-1"},"canonical":"https:\/\/remycabaret.com\/?page_id=1567","og_locale":"es_ES","og_type":"article","og_title":"Remy Cabaret Champagne","og_description":"Una promesa de regularidad y excelencia. Cada representaci\u00f3n de cabaret es \u00fanica, al igual que cada botella de Remy Cabaret Brut Grande R\u00e9serve, reflejando la autenticidad y singularidad de nuestro arte.","og_url":"https:\/\/remycabaret.com\/?page_id=1567","og_site_name":"Remy Cabaret Champagne","article_modified_time":"2024-06-26T08:32:58+00:00","og_image":[{"url":"https:\/\/remycabaret.com\/wp-content\/uploads\/2024\/02\/20180905-ChampagneTribaut-525-AxelCoeuret2.jpg"}],"twitter_card":"summary_large_image","twitter_misc":{"Tiempo de lectura":"2 minutos"},"schema":{"@context":"https:\/\/schema.org","@graph":[{"@type":"WebPage","@id":"https:\/\/remycabaret.com\/?page_id=1567","url":"https:\/\/remycabaret.com\/?page_id=1567","name":"Savoir-faire Remy Cabaret","isPartOf":{"@id":"https:\/\/remycabaret.com\/#website"},"primaryImageOfPage":{"@id":"https:\/\/remycabaret.com\/?page_id=1567#primaryimage"},"image":{"@id":"https:\/\/remycabaret.com\/?page_id=1567#primaryimage"},"thumbnailUrl":"https:\/\/remycabaret.com\/wp-content\/uploads\/2024\/02\/20180905-ChampagneTribaut-525-AxelCoeuret2.jpg","datePublished":"2024-05-15T05:23:18+00:00","dateModified":"2024-06-26T08:32:58+00:00","description":"Remy Cabaret es el heredero de un savoir-faire de generaciones, una riqueza transmitida con pasi\u00f3n y dedicaci\u00f3n.","breadcrumb":{"@id":"https:\/\/remycabaret.com\/?page_id=1567#breadcrumb"},"inLanguage":"es","potentialAction":[{"@type":"ReadAction","target":["https:\/\/remycabaret.com\/?page_id=1567"]}]},{"@type":"ImageObject","inLanguage":"es","@id":"https:\/\/remycabaret.com\/?page_id=1567#primaryimage","url":"https:\/\/remycabaret.com\/wp-content\/uploads\/2024\/02\/20180905-ChampagneTribaut-525-AxelCoeuret2.jpg","contentUrl":"https:\/\/remycabaret.com\/wp-content\/uploads\/2024\/02\/20180905-ChampagneTribaut-525-AxelCoeuret2.jpg","width":800,"height":960,"caption":"Nuestro compromiso con la excelencia se refuerza mediante una estrecha colaboraci\u00f3n con apasionados viticultores de la regi\u00f3n de Champagne"},{"@type":"BreadcrumbList","@id":"https:\/\/remycabaret.com\/?page_id=1567#breadcrumb","itemListElement":[{"@type":"ListItem","position":1,"name":"Portada","item":"https:\/\/remycabaret.com\/"},{"@type":"ListItem","position":2,"name":"Nuestra Historia"}]},{"@type":"WebSite","@id":"https:\/\/remycabaret.com\/#website","url":"https:\/\/remycabaret.com\/","name":"Remy Cabaret Champagne","description":"Champagne Remy Cabaret","publisher":{"@id":"https:\/\/remycabaret.com\/#organization"},"potentialAction":[{"@type":"SearchAction","target":{"@type":"EntryPoint","urlTemplate":"https:\/\/remycabaret.com\/?s={search_term_string}"},"query-input":"required name=search_term_string"}],"inLanguage":"es"},{"@type":"Organization","@id":"https:\/\/remycabaret.com\/#organization","name":"Remy Cabaret Champagne","url":"https:\/\/remycabaret.com\/","logo":{"@type":"ImageObject","inLanguage":"es","@id":"https:\/\/remycabaret.com\/#\/schema\/logo\/image\/","url":"https:\/\/remycabaret.com\/wp-content\/uploads\/2024\/01\/Logo_Remy_Cabaret_Dorado-3.svg","contentUrl":"https:\/\/remycabaret.com\/wp-content\/uploads\/2024\/01\/Logo_Remy_Cabaret_Dorado-3.svg","width":331,"height":289,"caption":"Remy Cabaret Champagne"},"image":{"@id":"https:\/\/remycabaret.com\/#\/schema\/logo\/image\/"}}]}},"lang":"es","translations":{"es":1567,"en":1561,"fr":73},"pll_sync_post":[],"_links":{"self":[{"href":"https:\/\/remycabaret.com\/index.php?rest_route=\/wp\/v2\/pages\/1567","targetHints":{"allow":["GET"]}}],"collection":[{"href":"https:\/\/remycabaret.com\/index.php?rest_route=\/wp\/v2\/pages"}],"about":[{"href":"https:\/\/remycabaret.com\/index.php?rest_route=\/wp\/v2\/types\/page"}],"author":[{"embeddable":true,"href":"https:\/\/remycabaret.com\/index.php?rest_route=\/wp\/v2\/users\/1"}],"replies":[{"embeddable":true,"href":"https:\/\/remycabaret.com\/index.php?rest_route=%2Fwp%2Fv2%2Fcomments&post=1567"}],"version-history":[{"count":13,"href":"https:\/\/remycabaret.com\/index.php?rest_route=\/wp\/v2\/pages\/1567\/revisions"}],"predecessor-version":[{"id":1852,"href":"https:\/\/remycabaret.com\/index.php?rest_route=\/wp\/v2\/pages\/1567\/revisions\/1852"}],"wp:attachment":[{"href":"https:\/\/remycabaret.com\/index.php?rest_route=%2Fwp%2Fv2%2Fmedia&parent=1567"}],"curies":[{"name":"wp","href":"https:\/\/api.w.org\/{rel}","templated":true}]}}